{"id":37,"date":"2019-11-13T16:56:37","date_gmt":"2019-11-13T16:56:37","guid":{"rendered":"http:\/\/cercoselectricoscastelar.com.ar\/cercoselectricos\/?page_id=37"},"modified":"2019-11-15T12:22:45","modified_gmt":"2019-11-15T12:22:45","slug":"mantenimiento","status":"publish","type":"page","link":"http:\/\/cercoselectricoscastelar.com.ar\/cercoselectricos\/servicios\/mantenimiento\/","title":{"rendered":"Mantenimiento"},"content":{"rendered":"<p><strong>Mantenimiento y reparaci\u00f3n de cercos electrificados<\/strong><\/p>\n<p>E17, le ofrece un Servicio de asistencia y soporte t\u00e9cnico mensual que incluye el mantenimiento y la reparaci\u00f3n de cercos el\u00e9ctricos. An\u00e1lisis bimestrales de los mismos, ajustes y reparaciones incluidas<\/p>\n<p>Se realizan todo tipo de reparaciones sobre cercos de instalaci\u00f3n propia y cercos desatendidos por terceros. M\u00ednima cuota mensual, disponibilidad inmediata.<\/p>\n<p>Recuerde que el cerco el\u00e9ctrico, es el impedimento m\u00e1s efectivo al ingreso a su propiedad de terceros no autorizados. No solo es importante instalarlo, su efectividad se basa en mantenerlo en perfectas condiciones.<\/p>\n<p>No dude en consultarnos.<\/p>\n<div id='gallery-1' class='gallery galleryid-37 gallery-columns-4 gallery-size-thumbnail'><figure class='gallery-item'>\n\t\t\t<div class='gallery-icon portrait'>\n\t\t\t\t<a href='http:\/\/cercoselectricoscastelar.com.ar\/cercoselectricos\/wp-content\/uploads\/2019\/11\/mante4.jpg' title=\"\" data-rl_title=\"\" class=\"rl-gallery-link\" data-rl_caption=\"\" data-rel=\"lightbox-gallery-1\"><img loading=\"lazy\" decoding=\"async\" width=\"150\" height=\"150\" src=\"http:\/\/cercoselectricoscastelar.com.ar\/cercoselectricos\/wp-content\/uploads\/2019\/11\/mante4-150x150.jpg\" class=\"attachment-thumbnail size-thumbnail\" alt=\"\" \/><\/a>\n\t\t\t<\/div><\/figure><figure class='gallery-item'>\n\t\t\t<div class='gallery-icon landscape'>\n\t\t\t\t<a href='http:\/\/cercoselectricoscastelar.com.ar\/cercoselectricos\/wp-content\/uploads\/2019\/11\/mante3.jpg' title=\"\" data-rl_title=\"\" class=\"rl-gallery-link\" data-rl_caption=\"\" data-rel=\"lightbox-gallery-1\"><img loading=\"lazy\" decoding=\"async\" width=\"150\" height=\"150\" src=\"http:\/\/cercoselectricoscastelar.com.ar\/cercoselectricos\/wp-content\/uploads\/2019\/11\/mante3-150x150.jpg\" class=\"attachment-thumbnail size-thumbnail\" alt=\"\" \/><\/a>\n\t\t\t<\/div><\/figure><figure class='gallery-item'>\n\t\t\t<div class='gallery-icon portrait'>\n\t\t\t\t<a href='http:\/\/cercoselectricoscastelar.com.ar\/cercoselectricos\/wp-content\/uploads\/2019\/11\/mante2.jpg' title=\"\" data-rl_title=\"\" class=\"rl-gallery-link\" data-rl_caption=\"\" data-rel=\"lightbox-gallery-1\"><img loading=\"lazy\" decoding=\"async\" width=\"150\" height=\"150\" src=\"http:\/\/cercoselectricoscastelar.com.ar\/cercoselectricos\/wp-content\/uploads\/2019\/11\/mante2-150x150.jpg\" class=\"attachment-thumbnail size-thumbnail\" alt=\"\" \/><\/a>\n\t\t\t<\/div><\/figure><figure class='gallery-item'>\n\t\t\t<div class='gallery-icon landscape'>\n\t\t\t\t<a href='http:\/\/cercoselectricoscastelar.com.ar\/cercoselectricos\/wp-content\/uploads\/2019\/11\/mante1.jpg' title=\"\" data-rl_title=\"\" class=\"rl-gallery-link\" data-rl_caption=\"\" data-rel=\"lightbox-gallery-1\"><img loading=\"lazy\" decoding=\"async\" width=\"150\" height=\"150\" src=\"http:\/\/cercoselectricoscastelar.com.ar\/cercoselectricos\/wp-content\/uploads\/2019\/11\/mante1-150x150.jpg\" class=\"attachment-thumbnail size-thumbnail\" alt=\"\" \/><\/a>\n\t\t\t<\/div><\/figure>\n\t\t<\/div>\n\n","protected":false},"excerpt":{"rendered":"<p>Mantenimiento y reparaci\u00f3n de cercos electrificados E17, le ofrece un Servicio de asistencia y soporte t\u00e9cnico mensual que incluye el mantenimiento y la reparaci\u00f3n de cercos el\u00e9ctricos. An\u00e1lisis bimestrales de los mismos, ajustes y reparaciones incluidas Se realizan todo tipo de reparaciones sobre cercos de instalaci\u00f3n propia y cercos desatendidos por terceros. M\u00ednima cuota mensual, [&hellip;]<\/p>\n","protected":false},"author":2,"featured_media":0,"parent":35,"menu_order":0,"comment_status":"closed","ping_status":"closed","template":"","meta":{"footnotes":""},"class_list":["post-37","page","type-page","status-publish","hentry"],"aioseo_notices":[],"_links":{"self":[{"href":"http:\/\/cercoselectricoscastelar.com.ar\/cercoselectricos\/wp-json\/wp\/v2\/pages\/37","targetHints":{"allow":["GET"]}}],"collection":[{"href":"http:\/\/cercoselectricoscastelar.com.ar\/cercoselectricos\/wp-json\/wp\/v2\/pages"}],"about":[{"href":"http:\/\/cercoselectricoscastelar.com.ar\/cercoselectricos\/wp-json\/wp\/v2\/types\/page"}],"author":[{"embeddable":true,"href":"http:\/\/cercoselectricoscastelar.com.ar\/cercoselectricos\/wp-json\/wp\/v2\/users\/2"}],"replies":[{"embeddable":true,"href":"http:\/\/cercoselectricoscastelar.com.ar\/cercoselectricos\/wp-json\/wp\/v2\/comments?post=37"}],"version-history":[{"count":4,"href":"http:\/\/cercoselectricoscastelar.com.ar\/cercoselectricos\/wp-json\/wp\/v2\/pages\/37\/revisions"}],"predecessor-version":[{"id":102,"href":"http:\/\/cercoselectricoscastelar.com.ar\/cercoselectricos\/wp-json\/wp\/v2\/pages\/37\/revisions\/102"}],"up":[{"embeddable":true,"href":"http:\/\/cercoselectricoscastelar.com.ar\/cercoselectricos\/wp-json\/wp\/v2\/pages\/35"}],"wp:attachment":[{"href":"http:\/\/cercoselectricoscastelar.com.ar\/cercoselectricos\/wp-json\/wp\/v2\/media?parent=37"}],"curies":[{"name":"wp","href":"https:\/\/api.w.org\/{rel}","templated":true}]}}