{"id":35,"date":"2019-11-13T16:54:40","date_gmt":"2019-11-13T16:54:40","guid":{"rendered":"http:\/\/cercoselectricoscastelar.com.ar\/cercoselectricos\/?page_id=35"},"modified":"2019-11-13T16:54:40","modified_gmt":"2019-11-13T16:54:40","slug":"servicios","status":"publish","type":"page","link":"http:\/\/cercoselectricoscastelar.com.ar\/cercoselectricos\/servicios\/","title":{"rendered":"Servicios"},"content":{"rendered":"<p>Asesoramiento t\u00e9cnico para la compra de su sistema de\u00a0 <strong>Sistema de seguridad Perimetral<\/strong><\/p>\n<p>El personal t\u00e9cnico especializado lo asesorara para su correcta elecci\u00f3n de su SISTEMA evaluando previamente sus necesidades de seguridad perimetral \u00a0y optimizando as\u00ed sus recursos.<\/p>\n<p><strong>Visita t\u00e9cnica<\/strong><\/p>\n<p>Si usted cuenta con alg\u00fan problema o consulta tenemos a su disposici\u00f3n la visita t\u00e9cnica en su industria, local o domicilio con nuestro personal t\u00e9cnico para su servicio.<\/p>\n<p>La misma se cotizar\u00e1 en funci\u00f3n de la local\u00eda del cliente.<\/p>\n<p>Disponemos de un equipo t\u00e9cnico las 24hrs del d\u00eda para asegurar una permanente disponibilidad del servicio.<\/p>\n<p><strong>Garant\u00eda por un a\u00f1o<\/strong><\/p>\n<p>La garant\u00eda de nuestros productos es de un a\u00f1o por da\u00f1os de fabricaci\u00f3n o defecto, los da\u00f1os del equipo por mal uso o ruptura del equipo o da\u00f1os realizados por otro excluyen la garant\u00eda.<\/p>\n<p>&nbsp;<\/p>\n<p><a href=\"http:\/\/e17cercoselectricos.com.ar\/wp-content\/uploads\/2016\/10\/1.jpg\" data-rel=\"lightbox-image-0\" data-rl_title=\"\" data-rl_caption=\"\" title=\"\"><img loading=\"lazy\" decoding=\"async\"  src=\"http:\/\/e17cercoselectricos.com.ar\/wp-content\/uploads\/2016\/10\/1-150x150.jpg\" alt=\"1\" width=\"150\" height=\"150\" \/><\/a>\u00a0\u00a0\u00a0<a href=\"http:\/\/e17cercoselectricos.com.ar\/wp-content\/uploads\/2016\/10\/2.jpg\" data-rel=\"lightbox-image-1\" data-rl_title=\"\" data-rl_caption=\"\" title=\"\"><img loading=\"lazy\" decoding=\"async\" src=\"http:\/\/e17cercoselectricos.com.ar\/wp-content\/uploads\/2016\/10\/2-150x150.jpg\" alt=\"2\" width=\"150\" height=\"150\" \/><\/a>\u00a0 \u00a0<a href=\"http:\/\/e17cercoselectricos.com.ar\/wp-content\/uploads\/2016\/10\/4.jpg\" data-rel=\"lightbox-image-2\" data-rl_title=\"\" data-rl_caption=\"\" title=\"\"><img loading=\"lazy\" decoding=\"async\" src=\"http:\/\/e17cercoselectricos.com.ar\/wp-content\/uploads\/2016\/10\/4-150x150.jpg\" alt=\"4\" width=\"150\" height=\"150\" \/><\/a>\u00a0 \u00a0<a href=\"http:\/\/e17cercoselectricos.com.ar\/wp-content\/uploads\/2016\/10\/3.jpg\" data-rel=\"lightbox-image-3\" data-rl_title=\"\" data-rl_caption=\"\" title=\"\"><img loading=\"lazy\" decoding=\"async\" src=\"http:\/\/e17cercoselectricos.com.ar\/wp-content\/uploads\/2016\/10\/3-150x150.jpg\" alt=\"3\" width=\"150\" height=\"150\" \/><\/a><\/p>\n<p><a href=\"http:\/\/e17cercoselectricos.com.ar\/wp-content\/uploads\/2016\/10\/construction-worker-569149_1920.jpg\" data-rel=\"lightbox-image-4\" data-rl_title=\"\" data-rl_caption=\"\" title=\"\"><img loading=\"lazy\" decoding=\"async\"  src=\"http:\/\/e17cercoselectricos.com.ar\/wp-content\/uploads\/2016\/10\/construction-worker-569149_1920-1024x683.jpg\" alt=\"construction-worker-569149_1920\" width=\"633\" height=\"410\" \/><\/a><\/p>\n<p>&nbsp;<\/p>\n<p>&nbsp;<\/p>\n","protected":false},"excerpt":{"rendered":"<p>Asesoramiento t\u00e9cnico para la compra de su sistema de\u00a0 Sistema de seguridad Perimetral El personal t\u00e9cnico especializado lo asesorara para su correcta elecci\u00f3n de su SISTEMA evaluando previamente sus necesidades de seguridad perimetral \u00a0y optimizando as\u00ed sus recursos. Visita t\u00e9cnica Si usted cuenta con alg\u00fan problema o consulta tenemos a su disposici\u00f3n la visita t\u00e9cnica [&hellip;]<\/p>\n","protected":false},"author":2,"featured_media":0,"parent":0,"menu_order":0,"comment_status":"closed","ping_status":"closed","template":"","meta":{"footnotes":""},"class_list":["post-35","page","type-page","status-publish","hentry"],"aioseo_notices":[],"_links":{"self":[{"href":"http:\/\/cercoselectricoscastelar.com.ar\/cercoselectricos\/wp-json\/wp\/v2\/pages\/35","targetHints":{"allow":["GET"]}}],"collection":[{"href":"http:\/\/cercoselectricoscastelar.com.ar\/cercoselectricos\/wp-json\/wp\/v2\/pages"}],"about":[{"href":"http:\/\/cercoselectricoscastelar.com.ar\/cercoselectricos\/wp-json\/wp\/v2\/types\/page"}],"author":[{"embeddable":true,"href":"http:\/\/cercoselectricoscastelar.com.ar\/cercoselectricos\/wp-json\/wp\/v2\/users\/2"}],"replies":[{"embeddable":true,"href":"http:\/\/cercoselectricoscastelar.com.ar\/cercoselectricos\/wp-json\/wp\/v2\/comments?post=35"}],"version-history":[{"count":1,"href":"http:\/\/cercoselectricoscastelar.com.ar\/cercoselectricos\/wp-json\/wp\/v2\/pages\/35\/revisions"}],"predecessor-version":[{"id":36,"href":"http:\/\/cercoselectricoscastelar.com.ar\/cercoselectricos\/wp-json\/wp\/v2\/pages\/35\/revisions\/36"}],"wp:attachment":[{"href":"http:\/\/cercoselectricoscastelar.com.ar\/cercoselectricos\/wp-json\/wp\/v2\/media?parent=35"}],"curies":[{"name":"wp","href":"https:\/\/api.w.org\/{rel}","templated":true}]}}