{"id":24,"date":"2019-11-13T16:46:16","date_gmt":"2019-11-13T16:46:16","guid":{"rendered":"http:\/\/cercoselectricoscastelar.com.ar\/cercoselectricos\/?page_id=24"},"modified":"2019-11-13T16:46:16","modified_gmt":"2019-11-13T16:46:16","slug":"powershock","status":"publish","type":"page","link":"http:\/\/cercoselectricoscastelar.com.ar\/cercoselectricos\/seguridad-perimetral\/powershock\/","title":{"rendered":"PowerShock"},"content":{"rendered":"<h4>Somos ressellers de PowerShock<\/h4>\n<p><strong>Energizador de per\u00edmetros microprocesado<\/strong><\/p>\n<p>Detecta y repele los intentos de ingreso al predio protegido, realiza una coaccion ante el intento de intrusi\u00f3n mediante una descarga electrica No Letal. Genera pulsos cada 1,25 seg. de 7800V \/ 0,65 Joule de potencia, lo que permite proteger grandes distancias perimetrales con un solo equipo.<\/p>\n<p>Est\u00e1 dise\u00f1ado para no ser letal y ha sido homologado en cumplimiento de las normas internacionales de seguridad electrica IEC60355-2-76 Anexo B2<\/p>\n<p><strong>POWERSHOCK detecta:<\/strong><\/p>\n<p>Alarma por descarga el\u00e9ctrica.<br \/>\nAlarma por corte de conductor (Positivo o Maza).<br \/>\nAlarma por sabotaje (tamper de gabinete).<br \/>\nAlarma por bater\u00eda baja.<\/p>\n<p><strong>Caracter\u00edsticas<\/strong><br \/>\nLEDS indicadores de: Encendido, Pulsos, Bater\u00eda Baja, Alarma por: tamper, descarga y cable cortado, Funcionamiento con tensi\u00f3n de red, Funcionamiento con Bater\u00eda.<br \/>\nGabinete: Plastico alto impacto, estanco para exterior con tapa desmontable.<br \/>\nEncendido: Llave con desconexi\u00f3n en encendido.<br \/>\nControl: Compensaci\u00f3n Autom\u00e1tica de p\u00e9rdida de Aislaci\u00f3n.<br \/>\nProtecci\u00f3n: Fusible de 0.5 A para alimentaci\u00f3n de red y fusible de 1.5 A para alimentaci\u00f3n de bater\u00eda.<br \/>\nBater\u00eda: Habit\u00e1culo para Bater\u00eda de respaldo 12 V 7 A Gel.<br \/>\nEntrada: para receptor de control remoto<br \/>\nSalidas: 2 salidas de relay NA\/NA (una temporizada) mas 1 salida de sirena (bajo consumo).<br \/>\nMemoria de alarma con aviso de led de tamper destellando.<br \/>\nApto para ser integrado al sistema integral PMS2<\/p>\n","protected":false},"excerpt":{"rendered":"<p>Somos ressellers de PowerShock Energizador de per\u00edmetros microprocesado Detecta y repele los intentos de ingreso al predio protegido, realiza una coaccion ante el intento de intrusi\u00f3n mediante una descarga electrica No Letal. Genera pulsos cada 1,25 seg. de 7800V \/ 0,65 Joule de potencia, lo que permite proteger grandes distancias perimetrales con un solo equipo. [&hellip;]<\/p>\n","protected":false},"author":2,"featured_media":0,"parent":14,"menu_order":0,"comment_status":"closed","ping_status":"closed","template":"","meta":{"footnotes":""},"class_list":["post-24","page","type-page","status-publish","hentry"],"aioseo_notices":[],"_links":{"self":[{"href":"http:\/\/cercoselectricoscastelar.com.ar\/cercoselectricos\/wp-json\/wp\/v2\/pages\/24","targetHints":{"allow":["GET"]}}],"collection":[{"href":"http:\/\/cercoselectricoscastelar.com.ar\/cercoselectricos\/wp-json\/wp\/v2\/pages"}],"about":[{"href":"http:\/\/cercoselectricoscastelar.com.ar\/cercoselectricos\/wp-json\/wp\/v2\/types\/page"}],"author":[{"embeddable":true,"href":"http:\/\/cercoselectricoscastelar.com.ar\/cercoselectricos\/wp-json\/wp\/v2\/users\/2"}],"replies":[{"embeddable":true,"href":"http:\/\/cercoselectricoscastelar.com.ar\/cercoselectricos\/wp-json\/wp\/v2\/comments?post=24"}],"version-history":[{"count":1,"href":"http:\/\/cercoselectricoscastelar.com.ar\/cercoselectricos\/wp-json\/wp\/v2\/pages\/24\/revisions"}],"predecessor-version":[{"id":25,"href":"http:\/\/cercoselectricoscastelar.com.ar\/cercoselectricos\/wp-json\/wp\/v2\/pages\/24\/revisions\/25"}],"up":[{"embeddable":true,"href":"http:\/\/cercoselectricoscastelar.com.ar\/cercoselectricos\/wp-json\/wp\/v2\/pages\/14"}],"wp:attachment":[{"href":"http:\/\/cercoselectricoscastelar.com.ar\/cercoselectricos\/wp-json\/wp\/v2\/media?parent=24"}],"curies":[{"name":"wp","href":"https:\/\/api.w.org\/{rel}","templated":true}]}}