{"id":22,"date":"2019-11-13T16:45:38","date_gmt":"2019-11-13T16:45:38","guid":{"rendered":"http:\/\/cercoselectricoscastelar.com.ar\/cercoselectricos\/?page_id=22"},"modified":"2019-11-15T12:16:32","modified_gmt":"2019-11-15T12:16:32","slug":"cercos-y-boyeros-para-mascotas-y-animales","status":"publish","type":"page","link":"http:\/\/cercoselectricoscastelar.com.ar\/cercoselectricos\/seguridad-perimetral\/cercos-y-boyeros-para-mascotas-y-animales\/","title":{"rendered":"Cercos y boyeros para mascotas y animales"},"content":{"rendered":"<p><strong>Beneficios de los cercos para mascotas y animales en general:<\/strong><\/p>\n<p>&#8211; Evita que las mascotas te arruinan el jard\u00edn<\/p>\n<p>&#8211; Evita que el gato (o cualquier animal) del vecino ingrese a tu domicilio<\/p>\n<p>&#8211; Previene el escape de tu mascota<\/p>\n<p>&#8211; Genera un per\u00edmetro seguro para que tus mascotas est\u00e9n libremente<\/p>\n<div id='gallery-1' class='gallery galleryid-22 gallery-columns-4 gallery-size-thumbnail'><figure class='gallery-item'>\n\t\t\t<div class='gallery-icon landscape'>\n\t\t\t\t<a href='http:\/\/cercoselectricoscastelar.com.ar\/cercoselectricos\/wp-content\/uploads\/2019\/11\/IMG-20191009-WA0027.jpg' title=\"\" data-rl_title=\"\" class=\"rl-gallery-link\" data-rl_caption=\"\" data-rel=\"lightbox-gallery-1\"><img loading=\"lazy\" decoding=\"async\" width=\"150\" height=\"150\" src=\"http:\/\/cercoselectricoscastelar.com.ar\/cercoselectricos\/wp-content\/uploads\/2019\/11\/IMG-20191009-WA0027-150x150.jpg\" class=\"attachment-thumbnail size-thumbnail\" alt=\"\" \/><\/a>\n\t\t\t<\/div><\/figure><figure class='gallery-item'>\n\t\t\t<div class='gallery-icon landscape'>\n\t\t\t\t<a href='http:\/\/cercoselectricoscastelar.com.ar\/cercoselectricos\/wp-content\/uploads\/2019\/11\/IMG-20191009-WA0028.jpg' title=\"\" data-rl_title=\"\" class=\"rl-gallery-link\" data-rl_caption=\"\" data-rel=\"lightbox-gallery-1\"><img loading=\"lazy\" decoding=\"async\" width=\"150\" height=\"150\" src=\"http:\/\/cercoselectricoscastelar.com.ar\/cercoselectricos\/wp-content\/uploads\/2019\/11\/IMG-20191009-WA0028-150x150.jpg\" class=\"attachment-thumbnail size-thumbnail\" alt=\"\" \/><\/a>\n\t\t\t<\/div><\/figure><figure class='gallery-item'>\n\t\t\t<div class='gallery-icon landscape'>\n\t\t\t\t<a href='http:\/\/cercoselectricoscastelar.com.ar\/cercoselectricos\/wp-content\/uploads\/2019\/11\/IMG-20191009-WA0029.jpg' title=\"\" data-rl_title=\"\" class=\"rl-gallery-link\" data-rl_caption=\"\" data-rel=\"lightbox-gallery-1\"><img loading=\"lazy\" decoding=\"async\" width=\"150\" height=\"150\" src=\"http:\/\/cercoselectricoscastelar.com.ar\/cercoselectricos\/wp-content\/uploads\/2019\/11\/IMG-20191009-WA0029-150x150.jpg\" class=\"attachment-thumbnail size-thumbnail\" alt=\"\" \/><\/a>\n\t\t\t<\/div><\/figure><figure class='gallery-item'>\n\t\t\t<div class='gallery-icon landscape'>\n\t\t\t\t<a href='http:\/\/cercoselectricoscastelar.com.ar\/cercoselectricos\/wp-content\/uploads\/2019\/11\/IMG-20191009-WA0030.jpg' title=\"\" data-rl_title=\"\" class=\"rl-gallery-link\" data-rl_caption=\"\" data-rel=\"lightbox-gallery-1\"><img loading=\"lazy\" decoding=\"async\" width=\"150\" height=\"150\" src=\"http:\/\/cercoselectricoscastelar.com.ar\/cercoselectricos\/wp-content\/uploads\/2019\/11\/IMG-20191009-WA0030-150x150.jpg\" class=\"attachment-thumbnail size-thumbnail\" alt=\"\" \/><\/a>\n\t\t\t<\/div><\/figure><figure class='gallery-item'>\n\t\t\t<div class='gallery-icon landscape'>\n\t\t\t\t<a href='http:\/\/cercoselectricoscastelar.com.ar\/cercoselectricos\/wp-content\/uploads\/2019\/11\/IMG-20191009-WA0031.jpg' title=\"\" data-rl_title=\"\" class=\"rl-gallery-link\" data-rl_caption=\"\" data-rel=\"lightbox-gallery-1\"><img loading=\"lazy\" decoding=\"async\" width=\"150\" height=\"150\" src=\"http:\/\/cercoselectricoscastelar.com.ar\/cercoselectricos\/wp-content\/uploads\/2019\/11\/IMG-20191009-WA0031-150x150.jpg\" class=\"attachment-thumbnail size-thumbnail\" alt=\"\" \/><\/a>\n\t\t\t<\/div><\/figure><figure class='gallery-item'>\n\t\t\t<div class='gallery-icon landscape'>\n\t\t\t\t<a href='http:\/\/cercoselectricoscastelar.com.ar\/cercoselectricos\/wp-content\/uploads\/2019\/11\/IMG-20191009-WA0032.jpg' title=\"\" data-rl_title=\"\" class=\"rl-gallery-link\" data-rl_caption=\"\" data-rel=\"lightbox-gallery-1\"><img loading=\"lazy\" decoding=\"async\" width=\"150\" height=\"150\" src=\"http:\/\/cercoselectricoscastelar.com.ar\/cercoselectricos\/wp-content\/uploads\/2019\/11\/IMG-20191009-WA0032-150x150.jpg\" class=\"attachment-thumbnail size-thumbnail\" alt=\"\" \/><\/a>\n\t\t\t<\/div><\/figure>\n\t\t<\/div>\n\n<p><strong>La soluci\u00f3n eficaz y pr\u00e1ctica, es la instalaci\u00f3n de un cerco el\u00e9ctrico.<\/strong><\/p>\n<p>De bajo costo y mantenimiento econ\u00f3mico.<\/p>\n<p>Tambi\u00e9n se puede utilizar para realizar subdivisiones en campos, con el objeto de mantener el ganado en un \u00e1rea preestablecida, para proteger cultivos, quintas, cultivos intensivos, colmenares, etc&#8230;.<\/p>\n<p>Estos equipos cumplen con los requisitos internacionales y pueden ser utilizados sin ning\u00fan peligro, para los animales o el hombre.<\/p>\n<p>Las normas internacionales en cuesti\u00f3n son las normas IEC 60335-2-76 habla sobre la seguridad el\u00e9ctrica hacia seres humanos y animales.-El equipo no debe patear como m\u00e1ximo m\u00e1s de 70 pulsos por minuto. Deben ser pulso. Pulso que no podr\u00e1 repetirse a intervalos menores a 1 (un) segundo y cuya duraci\u00f3n no deber\u00e1 exceder los 0.0001 seg. (0.1 ms). La tensi\u00f3n de los pulsos nunca debe superar los 10000 V.<\/p>\n<p>&nbsp;<\/p>\n<p><strong>Protege tu mascota con un perimetro electrico!<\/strong><\/p>\n<p><a href=\"http:\/\/cercoselectricoscastelar.com.ar\/cercoselectricos\/wp-content\/uploads\/2019\/11\/IMG-20191018-WA0009.jpg\" data-rel=\"lightbox-image-6\" data-rl_title=\"\" data-rl_caption=\"\" title=\"\"><img loading=\"lazy\" decoding=\"async\" class=\"alignnone size-large wp-image-93\" src=\"http:\/\/cercoselectricoscastelar.com.ar\/cercoselectricos\/wp-content\/uploads\/2019\/11\/IMG-20191018-WA0009-1024x1024.jpg\" alt=\"\" width=\"640\" height=\"640\" srcset=\"http:\/\/cercoselectricoscastelar.com.ar\/cercoselectricos\/wp-content\/uploads\/2019\/11\/IMG-20191018-WA0009-1024x1024.jpg 1024w, http:\/\/cercoselectricoscastelar.com.ar\/cercoselectricos\/wp-content\/uploads\/2019\/11\/IMG-20191018-WA0009-300x300.jpg 300w, http:\/\/cercoselectricoscastelar.com.ar\/cercoselectricos\/wp-content\/uploads\/2019\/11\/IMG-20191018-WA0009-150x150.jpg 150w, http:\/\/cercoselectricoscastelar.com.ar\/cercoselectricos\/wp-content\/uploads\/2019\/11\/IMG-20191018-WA0009-768x768.jpg 768w, http:\/\/cercoselectricoscastelar.com.ar\/cercoselectricos\/wp-content\/uploads\/2019\/11\/IMG-20191018-WA0009.jpg 1250w\" sizes=\"auto, (max-width: 640px) 100vw, 640px\" \/><\/a><\/p>\n","protected":false},"excerpt":{"rendered":"<p>Beneficios de los cercos para mascotas y animales en general: &#8211; Evita que las mascotas te arruinan el jard\u00edn &#8211; Evita que el gato (o cualquier animal) del vecino ingrese a tu domicilio &#8211; Previene el escape de tu mascota &#8211; Genera un per\u00edmetro seguro para que tus mascotas est\u00e9n libremente La soluci\u00f3n eficaz y [&hellip;]<\/p>\n","protected":false},"author":2,"featured_media":0,"parent":14,"menu_order":0,"comment_status":"closed","ping_status":"closed","template":"","meta":{"footnotes":""},"class_list":["post-22","page","type-page","status-publish","hentry"],"aioseo_notices":[],"_links":{"self":[{"href":"http:\/\/cercoselectricoscastelar.com.ar\/cercoselectricos\/wp-json\/wp\/v2\/pages\/22","targetHints":{"allow":["GET"]}}],"collection":[{"href":"http:\/\/cercoselectricoscastelar.com.ar\/cercoselectricos\/wp-json\/wp\/v2\/pages"}],"about":[{"href":"http:\/\/cercoselectricoscastelar.com.ar\/cercoselectricos\/wp-json\/wp\/v2\/types\/page"}],"author":[{"embeddable":true,"href":"http:\/\/cercoselectricoscastelar.com.ar\/cercoselectricos\/wp-json\/wp\/v2\/users\/2"}],"replies":[{"embeddable":true,"href":"http:\/\/cercoselectricoscastelar.com.ar\/cercoselectricos\/wp-json\/wp\/v2\/comments?post=22"}],"version-history":[{"count":2,"href":"http:\/\/cercoselectricoscastelar.com.ar\/cercoselectricos\/wp-json\/wp\/v2\/pages\/22\/revisions"}],"predecessor-version":[{"id":94,"href":"http:\/\/cercoselectricoscastelar.com.ar\/cercoselectricos\/wp-json\/wp\/v2\/pages\/22\/revisions\/94"}],"up":[{"embeddable":true,"href":"http:\/\/cercoselectricoscastelar.com.ar\/cercoselectricos\/wp-json\/wp\/v2\/pages\/14"}],"wp:attachment":[{"href":"http:\/\/cercoselectricoscastelar.com.ar\/cercoselectricos\/wp-json\/wp\/v2\/media?parent=22"}],"curies":[{"name":"wp","href":"https:\/\/api.w.org\/{rel}","templated":true}]}}