{"id":20,"date":"2019-11-13T16:45:06","date_gmt":"2019-11-13T16:45:06","guid":{"rendered":"http:\/\/cercoselectricoscastelar.com.ar\/cercoselectricos\/?page_id=20"},"modified":"2019-11-13T16:45:06","modified_gmt":"2019-11-13T16:45:06","slug":"energizador-para-cercos-electricos-certrec","status":"publish","type":"page","link":"http:\/\/cercoselectricoscastelar.com.ar\/cercoselectricos\/seguridad-perimetral\/energizador-para-cercos-electricos-certrec\/","title":{"rendered":"Energizador para Cercos electricos CERTREC"},"content":{"rendered":"<p>El <strong>Energizador de perimetros para Cercos electricos Marca CERTREC<\/strong> puede estar conectado las 24 hs los 365 d\u00edas del a\u00f1o sin perturbar las costumbres cotidianas. Este servicio puede desconectarse a voluntad por llave y a control remoto.<\/p>\n<p>Contamos con todo tipo de energizadores dependiendo del espacio en que se requiera ser colocado.<\/p>\n<p>La instalaci\u00f3n de los mismos puede ser para edificios, hogares, f\u00e1bricas, empresas, dep\u00f3sitos o sitios de almacenamiento y hasta lugares lejanos, entre otros.<\/p>\n<p>Gracias a este sistema de seguridad usted contara con una protecci\u00f3n inigualable. Podr\u00e1 sentirse seguro, con la confianza necesaria de que nadie ajeno lograra entrar en su hogar o lugar de trabajo sin su consentimiento.<\/p>\n<p>Un Energizador de per\u00edmetros bien colocado es el mejor resguardo ante cualquier intruso.<br \/>\nNuestro equipo de trabajo promete una r\u00e1pida y eficiente instalaci\u00f3n de este servicio.<\/p>\n<p>Al estar instalados con personal altamente capacitado y utilizando las mas modernas y profesionales herramientas de calidad, ofrecemos un trabajo sumamente comprometido y eficaz.<\/p>\n<p>Nuestro trabajo, en este caso, es brindarle una soluci\u00f3n contra las inseguridades del mundo exterior, realizamos <strong>instalaciones de energizadores de perimetros en CABA y GBA.<\/strong><\/p>\n<p>Prot\u00e9jase con Cercos El\u00e9ctricos y mantenga fuera a los intrusos de su propiedad, E17 Seguridad l\u00edder en instalaciones de <strong>Cercos el\u00e9ctricos perimetrales en Zona Oeste<\/strong>, 20 a\u00f1os avalan nuestro compromiso con su seguridad, cons\u00faltenos!<\/p>\n<p>&nbsp;<\/p>\n<p style=\"text-align: center;\"><a href=\"http:\/\/e17cercoselectricos.com.ar\/wp-content\/uploads\/2018\/12\/IMG-20181003-WA0143.jpg\" data-rel=\"lightbox-image-0\" data-rl_title=\"\" data-rl_caption=\"\" title=\"\"><img loading=\"lazy\" decoding=\"async\" class=\"size-medium wp-image-375 alignleft\" src=\"http:\/\/e17cercoselectricos.com.ar\/wp-content\/uploads\/2018\/12\/IMG-20181003-WA0143-300x225.jpg\" alt=\"\" width=\"300\" height=\"225\" \/><\/a><a href=\"http:\/\/e17cercoselectricos.com.ar\/wp-content\/uploads\/2019\/04\/5.jpg\" data-rel=\"lightbox-image-1\" data-rl_title=\"\" data-rl_caption=\"\" title=\"\"><img loading=\"lazy\" decoding=\"async\" class=\"alignright size-medium wp-image-427\" src=\"http:\/\/e17cercoselectricos.com.ar\/wp-content\/uploads\/2019\/04\/5-225x300.jpg\" alt=\"\" width=\"225\" height=\"300\" \/><\/a><\/p>\n","protected":false},"excerpt":{"rendered":"<p>El Energizador de perimetros para Cercos electricos Marca CERTREC puede estar conectado las 24 hs los 365 d\u00edas del a\u00f1o sin perturbar las costumbres cotidianas. Este servicio puede desconectarse a voluntad por llave y a control remoto. Contamos con todo tipo de energizadores dependiendo del espacio en que se requiera ser colocado. La instalaci\u00f3n de [&hellip;]<\/p>\n","protected":false},"author":2,"featured_media":0,"parent":14,"menu_order":0,"comment_status":"closed","ping_status":"closed","template":"","meta":{"footnotes":""},"class_list":["post-20","page","type-page","status-publish","hentry"],"aioseo_notices":[],"_links":{"self":[{"href":"http:\/\/cercoselectricoscastelar.com.ar\/cercoselectricos\/wp-json\/wp\/v2\/pages\/20","targetHints":{"allow":["GET"]}}],"collection":[{"href":"http:\/\/cercoselectricoscastelar.com.ar\/cercoselectricos\/wp-json\/wp\/v2\/pages"}],"about":[{"href":"http:\/\/cercoselectricoscastelar.com.ar\/cercoselectricos\/wp-json\/wp\/v2\/types\/page"}],"author":[{"embeddable":true,"href":"http:\/\/cercoselectricoscastelar.com.ar\/cercoselectricos\/wp-json\/wp\/v2\/users\/2"}],"replies":[{"embeddable":true,"href":"http:\/\/cercoselectricoscastelar.com.ar\/cercoselectricos\/wp-json\/wp\/v2\/comments?post=20"}],"version-history":[{"count":1,"href":"http:\/\/cercoselectricoscastelar.com.ar\/cercoselectricos\/wp-json\/wp\/v2\/pages\/20\/revisions"}],"predecessor-version":[{"id":21,"href":"http:\/\/cercoselectricoscastelar.com.ar\/cercoselectricos\/wp-json\/wp\/v2\/pages\/20\/revisions\/21"}],"up":[{"embeddable":true,"href":"http:\/\/cercoselectricoscastelar.com.ar\/cercoselectricos\/wp-json\/wp\/v2\/pages\/14"}],"wp:attachment":[{"href":"http:\/\/cercoselectricoscastelar.com.ar\/cercoselectricos\/wp-json\/wp\/v2\/media?parent=20"}],"curies":[{"name":"wp","href":"https:\/\/api.w.org\/{rel}","templated":true}]}}