{"id":16,"date":"2019-11-13T16:43:33","date_gmt":"2019-11-13T16:43:33","guid":{"rendered":"http:\/\/cercoselectricoscastelar.com.ar\/cercoselectricos\/?page_id=16"},"modified":"2019-11-15T12:24:11","modified_gmt":"2019-11-15T12:24:11","slug":"cercos-electricos","status":"publish","type":"page","link":"http:\/\/cercoselectricoscastelar.com.ar\/cercoselectricos\/seguridad-perimetral\/cercos-electricos\/","title":{"rendered":"Cercos el\u00e9ctricos"},"content":{"rendered":"<div id='gallery-1' class='gallery galleryid-16 gallery-columns-4 gallery-size-thumbnail'><figure class='gallery-item'>\n\t\t\t<div class='gallery-icon landscape'>\n\t\t\t\t<a href='http:\/\/cercoselectricoscastelar.com.ar\/cercoselectricos\/wp-content\/uploads\/2019\/11\/IMG-20190823-WA0045.jpg' title=\"\" data-rl_title=\"\" class=\"rl-gallery-link\" data-rl_caption=\"\" data-rel=\"lightbox-gallery-1\"><img loading=\"lazy\" decoding=\"async\" width=\"150\" height=\"150\" src=\"http:\/\/cercoselectricoscastelar.com.ar\/cercoselectricos\/wp-content\/uploads\/2019\/11\/IMG-20190823-WA0045-150x150.jpg\" class=\"attachment-thumbnail size-thumbnail\" alt=\"\" \/><\/a>\n\t\t\t<\/div><\/figure><figure class='gallery-item'>\n\t\t\t<div class='gallery-icon landscape'>\n\t\t\t\t<a href='http:\/\/cercoselectricoscastelar.com.ar\/cercoselectricos\/wp-content\/uploads\/2019\/11\/IMG-20190823-WA0044.jpg' title=\"\" data-rl_title=\"\" class=\"rl-gallery-link\" data-rl_caption=\"\" data-rel=\"lightbox-gallery-1\"><img loading=\"lazy\" decoding=\"async\" width=\"150\" height=\"150\" src=\"http:\/\/cercoselectricoscastelar.com.ar\/cercoselectricos\/wp-content\/uploads\/2019\/11\/IMG-20190823-WA0044-150x150.jpg\" class=\"attachment-thumbnail size-thumbnail\" alt=\"\" \/><\/a>\n\t\t\t<\/div><\/figure><figure class='gallery-item'>\n\t\t\t<div class='gallery-icon landscape'>\n\t\t\t\t<a href='http:\/\/cercoselectricoscastelar.com.ar\/cercoselectricos\/wp-content\/uploads\/2019\/11\/IMG-20190823-WA0043.jpg' title=\"\" data-rl_title=\"\" class=\"rl-gallery-link\" data-rl_caption=\"\" data-rel=\"lightbox-gallery-1\"><img loading=\"lazy\" decoding=\"async\" width=\"150\" height=\"150\" src=\"http:\/\/cercoselectricoscastelar.com.ar\/cercoselectricos\/wp-content\/uploads\/2019\/11\/IMG-20190823-WA0043-150x150.jpg\" class=\"attachment-thumbnail size-thumbnail\" alt=\"\" \/><\/a>\n\t\t\t<\/div><\/figure><figure class='gallery-item'>\n\t\t\t<div class='gallery-icon portrait'>\n\t\t\t\t<a href='http:\/\/cercoselectricoscastelar.com.ar\/cercoselectricos\/wp-content\/uploads\/2019\/11\/IMG-20190823-WA0041.jpg' title=\"\" data-rl_title=\"\" class=\"rl-gallery-link\" data-rl_caption=\"\" data-rel=\"lightbox-gallery-1\"><img loading=\"lazy\" decoding=\"async\" width=\"150\" height=\"150\" src=\"http:\/\/cercoselectricoscastelar.com.ar\/cercoselectricos\/wp-content\/uploads\/2019\/11\/IMG-20190823-WA0041-150x150.jpg\" class=\"attachment-thumbnail size-thumbnail\" alt=\"\" \/><\/a>\n\t\t\t<\/div><\/figure><figure class='gallery-item'>\n\t\t\t<div class='gallery-icon landscape'>\n\t\t\t\t<a href='http:\/\/cercoselectricoscastelar.com.ar\/cercoselectricos\/wp-content\/uploads\/2019\/11\/IMG-20190823-WA0042.jpg' title=\"\" data-rl_title=\"\" class=\"rl-gallery-link\" data-rl_caption=\"\" data-rel=\"lightbox-gallery-1\"><img loading=\"lazy\" decoding=\"async\" width=\"150\" height=\"150\" src=\"http:\/\/cercoselectricoscastelar.com.ar\/cercoselectricos\/wp-content\/uploads\/2019\/11\/IMG-20190823-WA0042-150x150.jpg\" class=\"attachment-thumbnail size-thumbnail\" alt=\"\" \/><\/a>\n\t\t\t<\/div><\/figure><figure class='gallery-item'>\n\t\t\t<div class='gallery-icon landscape'>\n\t\t\t\t<a href='http:\/\/cercoselectricoscastelar.com.ar\/cercoselectricos\/wp-content\/uploads\/2019\/11\/IMG-20190823-WA0039.jpg' title=\"\" data-rl_title=\"\" class=\"rl-gallery-link\" data-rl_caption=\"\" data-rel=\"lightbox-gallery-1\"><img loading=\"lazy\" decoding=\"async\" width=\"150\" height=\"150\" src=\"http:\/\/cercoselectricoscastelar.com.ar\/cercoselectricos\/wp-content\/uploads\/2019\/11\/IMG-20190823-WA0039-150x150.jpg\" class=\"attachment-thumbnail size-thumbnail\" alt=\"\" \/><\/a>\n\t\t\t<\/div><\/figure><figure class='gallery-item'>\n\t\t\t<div class='gallery-icon landscape'>\n\t\t\t\t<a href='http:\/\/cercoselectricoscastelar.com.ar\/cercoselectricos\/wp-content\/uploads\/2019\/11\/IMG-20190823-WA0037.jpg' title=\"\" data-rl_title=\"\" class=\"rl-gallery-link\" data-rl_caption=\"\" data-rel=\"lightbox-gallery-1\"><img loading=\"lazy\" decoding=\"async\" width=\"150\" height=\"150\" src=\"http:\/\/cercoselectricoscastelar.com.ar\/cercoselectricos\/wp-content\/uploads\/2019\/11\/IMG-20190823-WA0037-150x150.jpg\" class=\"attachment-thumbnail size-thumbnail\" alt=\"\" \/><\/a>\n\t\t\t<\/div><\/figure><figure class='gallery-item'>\n\t\t\t<div class='gallery-icon landscape'>\n\t\t\t\t<a href='http:\/\/cercoselectricoscastelar.com.ar\/cercoselectricos\/wp-content\/uploads\/2019\/11\/IMG-20190823-WA0038.jpg' title=\"\" data-rl_title=\"\" class=\"rl-gallery-link\" data-rl_caption=\"\" data-rel=\"lightbox-gallery-1\"><img loading=\"lazy\" decoding=\"async\" width=\"150\" height=\"150\" src=\"http:\/\/cercoselectricoscastelar.com.ar\/cercoselectricos\/wp-content\/uploads\/2019\/11\/IMG-20190823-WA0038-150x150.jpg\" class=\"attachment-thumbnail size-thumbnail\" alt=\"\" \/><\/a>\n\t\t\t<\/div><\/figure><figure class='gallery-item'>\n\t\t\t<div class='gallery-icon landscape'>\n\t\t\t\t<a href='http:\/\/cercoselectricoscastelar.com.ar\/cercoselectricos\/wp-content\/uploads\/2019\/11\/IMG-20190823-WA0034.jpg' title=\"\" data-rl_title=\"\" class=\"rl-gallery-link\" data-rl_caption=\"\" data-rel=\"lightbox-gallery-1\"><img loading=\"lazy\" decoding=\"async\" width=\"150\" height=\"150\" src=\"http:\/\/cercoselectricoscastelar.com.ar\/cercoselectricos\/wp-content\/uploads\/2019\/11\/IMG-20190823-WA0034-150x150.jpg\" class=\"attachment-thumbnail size-thumbnail\" alt=\"\" \/><\/a>\n\t\t\t<\/div><\/figure><figure class='gallery-item'>\n\t\t\t<div class='gallery-icon landscape'>\n\t\t\t\t<a href='http:\/\/cercoselectricoscastelar.com.ar\/cercoselectricos\/wp-content\/uploads\/2019\/11\/IMG-20190823-WA0035.jpg' title=\"\" data-rl_title=\"\" class=\"rl-gallery-link\" data-rl_caption=\"\" data-rel=\"lightbox-gallery-1\"><img loading=\"lazy\" decoding=\"async\" width=\"150\" height=\"150\" src=\"http:\/\/cercoselectricoscastelar.com.ar\/cercoselectricos\/wp-content\/uploads\/2019\/11\/IMG-20190823-WA0035-150x150.jpg\" class=\"attachment-thumbnail size-thumbnail\" alt=\"\" \/><\/a>\n\t\t\t<\/div><\/figure><figure class='gallery-item'>\n\t\t\t<div class='gallery-icon landscape'>\n\t\t\t\t<a href='http:\/\/cercoselectricoscastelar.com.ar\/cercoselectricos\/wp-content\/uploads\/2019\/11\/IMG-20190823-WA0033.jpg' title=\"\" data-rl_title=\"\" class=\"rl-gallery-link\" data-rl_caption=\"\" data-rel=\"lightbox-gallery-1\"><img loading=\"lazy\" decoding=\"async\" width=\"150\" height=\"150\" src=\"http:\/\/cercoselectricoscastelar.com.ar\/cercoselectricos\/wp-content\/uploads\/2019\/11\/IMG-20190823-WA0033-150x150.jpg\" class=\"attachment-thumbnail size-thumbnail\" alt=\"\" \/><\/a>\n\t\t\t<\/div><\/figure><figure class='gallery-item'>\n\t\t\t<div class='gallery-icon landscape'>\n\t\t\t\t<a href='http:\/\/cercoselectricoscastelar.com.ar\/cercoselectricos\/wp-content\/uploads\/2019\/11\/IMG-20190823-WA0032.jpg' title=\"\" data-rl_title=\"\" class=\"rl-gallery-link\" data-rl_caption=\"\" data-rel=\"lightbox-gallery-1\"><img loading=\"lazy\" decoding=\"async\" width=\"150\" height=\"150\" src=\"http:\/\/cercoselectricoscastelar.com.ar\/cercoselectricos\/wp-content\/uploads\/2019\/11\/IMG-20190823-WA0032-150x150.jpg\" class=\"attachment-thumbnail size-thumbnail\" alt=\"\" \/><\/a>\n\t\t\t<\/div><\/figure><figure class='gallery-item'>\n\t\t\t<div class='gallery-icon portrait'>\n\t\t\t\t<a href='http:\/\/cercoselectricoscastelar.com.ar\/cercoselectricos\/wp-content\/uploads\/2019\/11\/IMG-20190821-WA0028.jpg' title=\"\" data-rl_title=\"\" class=\"rl-gallery-link\" data-rl_caption=\"\" data-rel=\"lightbox-gallery-1\"><img loading=\"lazy\" decoding=\"async\" width=\"150\" height=\"150\" src=\"http:\/\/cercoselectricoscastelar.com.ar\/cercoselectricos\/wp-content\/uploads\/2019\/11\/IMG-20190821-WA0028-150x150.jpg\" class=\"attachment-thumbnail size-thumbnail\" alt=\"\" \/><\/a>\n\t\t\t<\/div><\/figure><figure class='gallery-item'>\n\t\t\t<div class='gallery-icon portrait'>\n\t\t\t\t<a href='http:\/\/cercoselectricoscastelar.com.ar\/cercoselectricos\/wp-content\/uploads\/2019\/11\/IMG-20190821-WA0027.jpg' title=\"\" data-rl_title=\"\" class=\"rl-gallery-link\" data-rl_caption=\"\" data-rel=\"lightbox-gallery-1\"><img loading=\"lazy\" decoding=\"async\" width=\"150\" height=\"150\" src=\"http:\/\/cercoselectricoscastelar.com.ar\/cercoselectricos\/wp-content\/uploads\/2019\/11\/IMG-20190821-WA0027-150x150.jpg\" class=\"attachment-thumbnail size-thumbnail\" alt=\"\" \/><\/a>\n\t\t\t<\/div><\/figure>\n\t\t<\/div>\n\n<p>Un cerco el\u00e9ctrico est\u00e1 construido a base de alambres tensos que cubren un cierto per\u00edmetro. A su vez, est\u00e1n conectados a una central de comando que emite pulsos de descargas el\u00e9ctricas con el fin de impedir ser traspasados.<\/p>\n<p>El cerco el\u00e9ctrico puede estar conectado las 24hs los 365 d\u00edas del a\u00f1o sin perturbar las costumbres cotidianas. Este servicio puede desconectarse a voluntad por llave y a control remoto.<\/p>\n<p>Contamos con todo tipo de cercos dependiendo del espacio en que se requiera ser colocado. La instalaci\u00f3n de los mismos puede ser para edificios, hogares, f\u00e1bricas, empresas, dep\u00f3sitos o sitios de almacenamiento y hasta lugares lejanos, entre otros.<\/p>\n<p>Gracias a este sistema de seguridad usted contara con una protecci\u00f3n inigualable. Podr\u00e1 sentirse seguro, con la confianza necesaria de que nadie ajeno lograra entrar en su hogar o lugar de trabajo sin su consentimiento. Un cerco el\u00e9ctrico o cerco electrificado perimetral bien colocado es el mejor resguardo ante cualquier intruso.<\/p>\n<p>Nuestro equipo de trabajo promete una r\u00e1pida y eficiente instalaci\u00f3n de este servicio. Al estar equipados con personal altamente capacitado y herramientas de calidad, ofrecemos un trabajo sumamente comprometido y eficaz. Nuestro trabajo, en este caso, es brindarle una soluci\u00f3n contra las inseguridades del mundo exterior, realizamos instalaciones de cercos perimetrales en CABA y GBA.<\/p>\n<p><a href=\"http:\/\/e17cercoselectricos.com.ar\/wp-content\/uploads\/2016\/10\/cercos-1.jpg\" data-rel=\"lightbox-image-14\" data-rl_title=\"\" data-rl_caption=\"\" title=\"\"><img loading=\"lazy\" decoding=\"async\" class=\"size-full wp-image-227 aligncenter\" src=\"http:\/\/e17cercoselectricos.com.ar\/wp-content\/uploads\/2016\/10\/cercos-1.jpg\" alt=\"\" width=\"700\" height=\"930\" \/><\/a><\/p>\n<p>&nbsp;<\/p>\n","protected":false},"excerpt":{"rendered":"<p>Un cerco el\u00e9ctrico est\u00e1 construido a base de alambres tensos que cubren un cierto per\u00edmetro. A su vez, est\u00e1n conectados a una central de comando que emite pulsos de descargas el\u00e9ctricas con el fin de impedir ser traspasados. El cerco el\u00e9ctrico puede estar conectado las 24hs los 365 d\u00edas del a\u00f1o sin perturbar las costumbres [&hellip;]<\/p>\n","protected":false},"author":2,"featured_media":0,"parent":14,"menu_order":0,"comment_status":"closed","ping_status":"closed","template":"","meta":{"footnotes":""},"class_list":["post-16","page","type-page","status-publish","hentry"],"aioseo_notices":[],"_links":{"self":[{"href":"http:\/\/cercoselectricoscastelar.com.ar\/cercoselectricos\/wp-json\/wp\/v2\/pages\/16","targetHints":{"allow":["GET"]}}],"collection":[{"href":"http:\/\/cercoselectricoscastelar.com.ar\/cercoselectricos\/wp-json\/wp\/v2\/pages"}],"about":[{"href":"http:\/\/cercoselectricoscastelar.com.ar\/cercoselectricos\/wp-json\/wp\/v2\/types\/page"}],"author":[{"embeddable":true,"href":"http:\/\/cercoselectricoscastelar.com.ar\/cercoselectricos\/wp-json\/wp\/v2\/users\/2"}],"replies":[{"embeddable":true,"href":"http:\/\/cercoselectricoscastelar.com.ar\/cercoselectricos\/wp-json\/wp\/v2\/comments?post=16"}],"version-history":[{"count":5,"href":"http:\/\/cercoselectricoscastelar.com.ar\/cercoselectricos\/wp-json\/wp\/v2\/pages\/16\/revisions"}],"predecessor-version":[{"id":105,"href":"http:\/\/cercoselectricoscastelar.com.ar\/cercoselectricos\/wp-json\/wp\/v2\/pages\/16\/revisions\/105"}],"up":[{"embeddable":true,"href":"http:\/\/cercoselectricoscastelar.com.ar\/cercoselectricos\/wp-json\/wp\/v2\/pages\/14"}],"wp:attachment":[{"href":"http:\/\/cercoselectricoscastelar.com.ar\/cercoselectricos\/wp-json\/wp\/v2\/media?parent=16"}],"curies":[{"name":"wp","href":"https:\/\/api.w.org\/{rel}","templated":true}]}}