{"id":10,"date":"2019-11-13T16:41:50","date_gmt":"2019-11-13T16:41:50","guid":{"rendered":"http:\/\/cercoselectricoscastelar.com.ar\/cercoselectricos\/?page_id=10"},"modified":"2023-10-17T14:07:46","modified_gmt":"2023-10-17T14:07:46","slug":"empresa","status":"publish","type":"page","link":"http:\/\/cercoselectricoscastelar.com.ar\/cercoselectricos\/empresa\/","title":{"rendered":"Empresa"},"content":{"rendered":"<p><a href=\"http:\/\/e17cercoselectricos.com.ar\/wp-content\/uploads\/2016\/10\/showroom2-300x225.jpg\" data-rel=\"lightbox-image-0\" data-rl_title=\"\" data-rl_caption=\"\" title=\"\"><img loading=\"lazy\" decoding=\"async\" src=\"http:\/\/e17cercoselectricos.com.ar\/wp-content\/uploads\/2016\/10\/showroom2-300x225.jpg\" alt=\"\" width=\"300\" height=\"225\" \/><\/a> <a href=\"http:\/\/e17cercoselectricos.com.ar\/wp-content\/uploads\/2016\/10\/showroom-300x225.jpg\" data-rel=\"lightbox-image-1\" data-rl_title=\"\" data-rl_caption=\"\" title=\"\"><img loading=\"lazy\" decoding=\"async\" src=\"http:\/\/e17cercoselectricos.com.ar\/wp-content\/uploads\/2016\/10\/showroom-300x225.jpg\" alt=\"\" width=\"300\" height=\"225\" \/><\/a><\/p>\n<p><a href=\"http:\/\/e17cercoselectricos.com.ar\/wp-content\/uploads\/2016\/10\/empresa1-1.jpg\" data-rel=\"lightbox-image-2\" data-rl_title=\"\" data-rl_caption=\"\" title=\"\"><img loading=\"lazy\" decoding=\"async\" src=\"http:\/\/e17cercoselectricos.com.ar\/wp-content\/uploads\/2016\/10\/empresa1-1.jpg\" alt=\"\" width=\"500\" height=\"228\" \/><\/a><\/p>\n<p><strong>\u00a1Bienvenido a E17 Cercos El\u00e9ctricos sucursal Castelar, Buenos Aires!<\/strong><\/p>\n<p>En E17 Cercos El\u00e9ctricos, estamos emocionados de expandirnos a la hermosa zona de Castelar.<br \/>\nNos enorgullece ofrecer soluciones avanzadas de seguridad perimetral para proteger lo que m\u00e1s te importa.<\/p>\n<p><strong>Nuestra Historia:<\/strong><br \/>\nDesde nuestra fundaci\u00f3n, nos hemos dedicado a proporcionar sistemas de seguridad innovadores y confiables.<br \/>\nCon a\u00f1os de experiencia en el dise\u00f1o, instalaci\u00f3n y mantenimiento de cercos el\u00e9ctricos, nos destacamos por brindar tranquilidad a nuestros clientes.<\/p>\n<p><strong>\u00bfPor qu\u00e9 E17 Cercos El\u00e9ctricos?<\/strong><\/p>\n<p>Tecnolog\u00eda de Vanguardia: Utilizamos tecnolog\u00eda de punta en todos nuestros productos para garantizar la m\u00e1xima eficacia.<br \/>\nPersonal Especializado: Nuestro equipo de t\u00e9cnicos altamente capacitados se compromete a ofrecer instalaciones seguras y servicios de calidad.<br \/>\nAdaptabilidad: Dise\u00f1amos soluciones personalizadas para satisfacer las necesidades espec\u00edficas de cada cliente y propiedad.<br \/>\nCompromiso con la Seguridad: Nos esforzamos por elevar los est\u00e1ndares de seguridad, proporcionando sistemas que ofrecen protecci\u00f3n y tranquilidad.<\/p>\n<p><strong>Nuestros Servicios:<\/strong><\/p>\n<p>Instalaci\u00f3n de Cercos El\u00e9ctricos: Dise\u00f1amos e instalamos cercos el\u00e9ctricos robustos y efectivos para garantizar la seguridad perimetral.<br \/>\nMantenimiento y Reparaci\u00f3n: Ofrecemos servicios de mantenimiento regular y reparaci\u00f3n para mantener la eficiencia de tu sistema a lo largo del tiempo.<br \/>\nAsesoramiento Personalizado: Nuestro equipo brinda asesoramiento experto para ayudarte a elegir la soluci\u00f3n de seguridad m\u00e1s adecuada para tu propiedad.<br \/>\nUbicaci\u00f3n:<br \/>\nNos encontramos en la Av. Santa Rosa 2204, en el coraz\u00f3n de Castelar.<br \/>\nVis\u00edtanos para descubrir c\u00f3mo podemos fortalecer la seguridad de tu hogar o negocio.<\/p>\n<p><strong>Cont\u00e1ctanos:<\/strong><\/p>\n<p><strong>Tel\u00e9fono &#8211; WhastApp:<\/strong> 11-3185-7124<br \/>\n<strong>Correo Electr\u00f3nico:<\/strong> e17seguridad@gmail.com<\/p>\n<p>En E17 Cercos El\u00e9ctricos, tu seguridad es nuestra prioridad.<br \/>\nEstamos comprometidos a brindar soluciones de seguridad l\u00edderes en la industria para que puedas vivir y trabajar con total confianza.<\/p>\n<p>\u00a1Te esperamos en nuestra nueva sucursal en Castelar!<\/p>\n<p>&nbsp;<\/p>\n<p><a href=\"http:\/\/e17cercoselectricos.com.ar\/wp-content\/uploads\/2016\/10\/13913575_565497013623042_6084361803014904703_o.jpg\" data-rel=\"lightbox-image-3\" data-rl_title=\"\" data-rl_caption=\"\" title=\"\"><img loading=\"lazy\" decoding=\"async\" class=\"alignnone size-large wp-image-94\" src=\"http:\/\/e17cercoselectricos.com.ar\/wp-content\/uploads\/2016\/10\/13913575_565497013623042_6084361803014904703_o-1024x576.jpg\" alt=\"13913575_565497013623042_6084361803014904703_o\" width=\"710\" height=\"399\" \/><\/a><\/p>\n","protected":false},"excerpt":{"rendered":"<p>\u00a1Bienvenido a E17 Cercos El\u00e9ctricos sucursal Castelar, Buenos Aires! En E17 Cercos El\u00e9ctricos, estamos emocionados de expandirnos a la hermosa zona de Castelar. Nos enorgullece ofrecer soluciones avanzadas de seguridad perimetral para proteger lo que m\u00e1s te importa. Nuestra Historia: Desde nuestra fundaci\u00f3n, nos hemos dedicado a proporcionar sistemas de seguridad innovadores y confiables. Con [&hellip;]<\/p>\n","protected":false},"author":2,"featured_media":0,"parent":0,"menu_order":0,"comment_status":"closed","ping_status":"closed","template":"","meta":{"footnotes":""},"class_list":["post-10","page","type-page","status-publish","hentry"],"aioseo_notices":[],"_links":{"self":[{"href":"http:\/\/cercoselectricoscastelar.com.ar\/cercoselectricos\/wp-json\/wp\/v2\/pages\/10","targetHints":{"allow":["GET"]}}],"collection":[{"href":"http:\/\/cercoselectricoscastelar.com.ar\/cercoselectricos\/wp-json\/wp\/v2\/pages"}],"about":[{"href":"http:\/\/cercoselectricoscastelar.com.ar\/cercoselectricos\/wp-json\/wp\/v2\/types\/page"}],"author":[{"embeddable":true,"href":"http:\/\/cercoselectricoscastelar.com.ar\/cercoselectricos\/wp-json\/wp\/v2\/users\/2"}],"replies":[{"embeddable":true,"href":"http:\/\/cercoselectricoscastelar.com.ar\/cercoselectricos\/wp-json\/wp\/v2\/comments?post=10"}],"version-history":[{"count":3,"href":"http:\/\/cercoselectricoscastelar.com.ar\/cercoselectricos\/wp-json\/wp\/v2\/pages\/10\/revisions"}],"predecessor-version":[{"id":217,"href":"http:\/\/cercoselectricoscastelar.com.ar\/cercoselectricos\/wp-json\/wp\/v2\/pages\/10\/revisions\/217"}],"wp:attachment":[{"href":"http:\/\/cercoselectricoscastelar.com.ar\/cercoselectricos\/wp-json\/wp\/v2\/media?parent=10"}],"curies":[{"name":"wp","href":"https:\/\/api.w.org\/{rel}","templated":true}]}}